{"id":15,"date":"2023-08-04T02:28:10","date_gmt":"2023-08-04T02:28:10","guid":{"rendered":"https:\/\/nueva.primariajuanadeasbaje.com.mx\/?page_id=15"},"modified":"2023-08-08T02:53:31","modified_gmt":"2023-08-08T02:53:31","slug":"antecedentes","status":"publish","type":"page","link":"https:\/\/primariajuanadeasbaje.com.mx\/index.php\/antecedentes\/","title":{"rendered":"Antecedentes"},"content":{"rendered":"<p>[et_pb_section fb_built=\u00bb1&#8243; make_equal=\u00bbon\u00bb specialty=\u00bbon\u00bb background_color_2=\u00bb#AC201E\u00bb padding_top_1=\u00bb12vw\u00bb padding_right_2=\u00bb5vw\u00bb padding_bottom_1=\u00bb80px\u00bb padding_left_1=\u00bb10vw\u00bb padding_1_tablet=\u00bb40px||0px|\u00bb padding_1_phone=\u00bb\u00bb padding_1_last_edited=\u00bbon|tablet\u00bb admin_label=\u00bbHeader\u00bb _builder_version=\u00bb4.21.2&#8243; background_color=\u00bb#000000&#8243; use_background_color_gradient=\u00bbon\u00bb background_color_gradient_stops=\u00bb#203c7c 0%|#263269 100%\u00bb background_color_gradient_start=\u00bb#ffdb8b\u00bb background_color_gradient_end=\u00bb#fdb15b\u00bb inner_width=\u00bb100%\u00bb inner_max_width=\u00bb100%\u00bb custom_margin=\u00bb||156px|||\u00bb custom_margin_tablet=\u00bb||0px\u00bb custom_margin_phone=\u00bb\u00bb custom_margin_last_edited=\u00bbon|desktop\u00bb custom_padding=\u00bb0px||0px||true\u00bb box_shadow_style=\u00bbpreset7&#8243; box_shadow_horizontal=\u00bb0px\u00bb box_shadow_vertical=\u00bb-80px\u00bb box_shadow_color=\u00bb#ffffff\u00bb locked=\u00bboff\u00bb global_colors_info=\u00bb{}\u00bb][et_pb_column type=\u00bb1_2&#8243; _builder_version=\u00bb4.16&#8243; custom_padding=\u00bb|||\u00bb global_colors_info=\u00bb{}\u00bb custom_padding__hover=\u00bb|||\u00bb][et_pb_text _builder_version=\u00bb4.21.2&#8243; text_font=\u00bbMontserrat||||||||\u00bb text_letter_spacing=\u00bb3px\u00bb header_font=\u00bbKarla|700|||||||\u00bb header_font_size=\u00bb8vw\u00bb header_letter_spacing=\u00bb-3px\u00bb header_line_height=\u00bb0.9em\u00bb header_2_font=\u00bbMontserrat|||on|||||\u00bb header_2_font_size=\u00bb24px\u00bb header_2_letter_spacing=\u00bb2px\u00bb header_2_line_height=\u00bb1.8em\u00bb background_layout=\u00bbdark\u00bb header_2_font_size_tablet=\u00bb14px\u00bb header_2_font_size_phone=\u00bb\u00bb header_2_font_size_last_edited=\u00bbon|tablet\u00bb global_colors_info=\u00bb{}\u00bb]<\/p>\n<h2><span>Presb\u00edtero<\/span><\/h2>\n<h1><span>Jos\u00e9 Castell\u00f3n<\/span><\/h1>\n<p>[\/et_pb_text][et_pb_text _builder_version=\u00bb4.16&#8243; text_font=\u00bb||||||||\u00bb text_font_size=\u00bb16px\u00bb text_line_height=\u00bb2em\u00bb background_layout=\u00bbdark\u00bb locked=\u00bboff\u00bb global_colors_info=\u00bb{}\u00bb]<\/p>\n<p><span>Sacerdote entusiasta, educador comprometido con la educaci\u00f3n de los ni\u00f1os y j\u00f3venes, basados en el amor, el respeto y la dedicaci\u00f3n. El\u00a0<\/span><span>Padre Jos\u00e9 pensaba que la educaci\u00f3n era clave para alejar a los ni\u00f1os y j\u00f3venes de los peligros que se encuentran en el contexto.<\/span><\/p>\n<p>&nbsp;<\/p>\n<p><span>A\u00fan siendo sacerdote se preocupaba por prepararse cada vez mejor para brindar un mejor servicio a la sociedad.<\/span><\/p>\n<p><span><\/span><\/p>\n<p><span><\/span><\/p>\n<p>[\/et_pb_text][\/et_pb_column][et_pb_column type=\u00bb1_2&#8243; specialty_columns=\u00bb2&#8243; _builder_version=\u00bb4.16&#8243; custom_padding=\u00bb|||\u00bb global_colors_info=\u00bb{}\u00bb custom_padding__hover=\u00bb|||\u00bb][et_pb_row_inner _builder_version=\u00bb4.21.2&#8243; background_color=\u00bb#E1262A\u00bb max_width_tablet=\u00bb500px\u00bb max_width_phone=\u00bb400px\u00bb max_width_last_edited=\u00bbon|phone\u00bb custom_margin=\u00bb80px|||\u00bb custom_padding=\u00bb0px|0px|0px|||\u00bb global_colors_info=\u00bb{}\u00bb][et_pb_column_inner saved_specialty_column_type=\u00bb1_2&#8243; _builder_version=\u00bb4.21.2&#8243; custom_padding=\u00bb|||\u00bb global_colors_info=\u00bb{}\u00bb custom_padding__hover=\u00bb|||\u00bb][et_pb_image src=\u00bbhttps:\/\/primariajuanadeasbaje.com.mx\/wp-content\/uploads\/2023\/08\/zyro-image-2-scaled.jpg\u00bb alt=\u00bbJose Castellon\u00bb title_text=\u00bbJose Castellon\u00bb force_fullwidth=\u00bbon\u00bb align_tablet=\u00bbcenter\u00bb align_phone=\u00bbcenter\u00bb align_last_edited=\u00bbon|desktop\u00bb _builder_version=\u00bb4.21.2&#8243; background_image=\u00bbhttps:\/\/primariajuanadeasbaje.com.mx\/wp-content\/uploads\/2023\/08\/actor-01.png\u00bb background_size=\u00bbinitial\u00bb background_position=\u00bbbottom_right\u00bb custom_margin=\u00bb-80px||-150px|||\u00bb custom_margin_tablet=\u00bb||0px\u00bb custom_margin_phone=\u00bb\u00bb custom_margin_last_edited=\u00bbon|desktop\u00bb custom_padding=\u00bb|40px|80px|||\u00bb custom_padding_tablet=\u00bb||\u00bb custom_padding_phone=\u00bb\u00bb custom_padding_last_edited=\u00bbon|desktop\u00bb box_shadow_style=\u00bbpreset1&#8243; box_shadow_vertical=\u00bb64px\u00bb box_shadow_blur=\u00bb64px\u00bb box_shadow_spread=\u00bb-12px\u00bb box_shadow_color=\u00bbrgba(20,22,23,0.59)\u00bb global_colors_info=\u00bb{}\u00bb][\/et_pb_image][\/et_pb_column_inner][\/et_pb_row_inner][\/et_pb_column][\/et_pb_section][et_pb_section fb_built=\u00bb1&#8243; specialty=\u00bbon\u00bb admin_label=\u00bbResume\u00bb _builder_version=\u00bb4.16&#8243; background_color=\u00bb#24272a\u00bb width=\u00bb90%\u00bb width_tablet=\u00bb100%\u00bb width_phone=\u00bb\u00bb width_last_edited=\u00bbon|desktop\u00bb module_alignment=\u00bbright\u00bb inner_width=\u00bb90%\u00bb inner_width_tablet=\u00bb80%\u00bb inner_width_phone=\u00bb\u00bb inner_width_last_edited=\u00bbon|desktop\u00bb inner_max_width=\u00bb1600px\u00bb inner_module_alignment=\u00bbleft\u00bb custom_margin=\u00bb||200px\u00bb custom_padding=\u00bb100px|||||\u00bb global_colors_info=\u00bb{}\u00bb][et_pb_column type=\u00bb1_4&#8243; _builder_version=\u00bb4.16&#8243; custom_padding=\u00bb|||\u00bb global_colors_info=\u00bb{}\u00bb custom_padding__hover=\u00bb|||\u00bb][et_pb_image src=\u00bbhttps:\/\/primariajuanadeasbaje.com.mx\/wp-content\/uploads\/2023\/08\/JoseCastellon.jpg\u00bb alt=\u00bbJoseCastellon\u00bb title_text=\u00bbJoseCastellon\u00bb align_tablet=\u00bbcenter\u00bb align_phone=\u00bbcenter\u00bb align_last_edited=\u00bbon|desktop\u00bb _builder_version=\u00bb4.21.2&#8243; background_image=\u00bbhttps:\/\/primariajuanadeasbaje.com.mx\/wp-content\/uploads\/2023\/08\/actor-02.png\u00bb background_size=\u00bbinitial\u00bb background_position=\u00bbbottom_left\u00bb custom_margin=\u00bb||-300px|-10vw||\u00bb custom_margin_tablet=\u00bb0px||-100px|-5vw\u00bb custom_margin_phone=\u00bb\u00bb custom_margin_last_edited=\u00bbon|phone\u00bb custom_padding=\u00bb||100px|40px||\u00bb custom_padding_tablet=\u00bb||\u00bb custom_padding_phone=\u00bb\u00bb custom_padding_last_edited=\u00bbon|desktop\u00bb hover_enabled=\u00bb0&#8243; box_shadow_style=\u00bbpreset1&#8243; box_shadow_vertical=\u00bb64px\u00bb box_shadow_blur=\u00bb64px\u00bb box_shadow_spread=\u00bb-12px\u00bb box_shadow_color=\u00bbrgba(20,22,23,0.59)\u00bb locked=\u00bboff\u00bb global_colors_info=\u00bb{}\u00bb sticky_enabled=\u00bb0&#8243;][\/et_pb_image][\/et_pb_column][et_pb_column type=\u00bb3_4&#8243; specialty_columns=\u00bb3&#8243; _builder_version=\u00bb4.16&#8243; custom_padding=\u00bb|||\u00bb global_colors_info=\u00bb{}\u00bb custom_padding__hover=\u00bb|||\u00bb][et_pb_row_inner column_structure=\u00bb1_2,1_2&#8243; _builder_version=\u00bb4.16&#8243; global_colors_info=\u00bb{}\u00bb][et_pb_column_inner type=\u00bb1_2&#8243; saved_specialty_column_type=\u00bb3_4&#8243; _builder_version=\u00bb4.16&#8243; custom_padding=\u00bb|||\u00bb global_colors_info=\u00bb{}\u00bb custom_padding__hover=\u00bb|||\u00bb][et_pb_text _builder_version=\u00bb4.21.2&#8243; text_font=\u00bbMontserrat||||||||\u00bb text_letter_spacing=\u00bb3px\u00bb header_font=\u00bb||||||||\u00bb header_2_font=\u00bbKarla|700||on|||||\u00bb header_2_font_size=\u00bb46px\u00bb header_3_font=\u00bbMontserrat|||on|||||\u00bb header_3_text_color=\u00bbrgba(255,255,255,0.4)\u00bb header_3_font_size=\u00bb12px\u00bb header_3_letter_spacing=\u00bb1px\u00bb header_3_line_height=\u00bb1.8em\u00bb background_layout=\u00bbdark\u00bb custom_margin=\u00bb||0px\u00bb header_2_font_size_tablet=\u00bb\u00bb header_2_font_size_phone=\u00bb30px\u00bb header_2_font_size_last_edited=\u00bbon|phone\u00bb locked=\u00bboff\u00bb global_colors_info=\u00bb{}\u00bb]<\/p>\n<h2>Vida y obra<\/h2>\n<p>[\/et_pb_text][et_pb_divider color=\u00bb#f56845&#8243; divider_weight=\u00bb12px\u00bb _builder_version=\u00bb4.16&#8243; z_index=\u00bb-1&#8243; width=\u00bb50%\u00bb module_alignment=\u00bbleft\u00bb custom_margin=\u00bb-22px||\u00bb custom_margin_tablet=\u00bb\u00bb custom_margin_phone=\u00bb-18px||\u00bb custom_margin_last_edited=\u00bbon|desktop\u00bb locked=\u00bboff\u00bb global_colors_info=\u00bb{}\u00bb][\/et_pb_divider][\/et_pb_column_inner][et_pb_column_inner type=\u00bb1_2&#8243; saved_specialty_column_type=\u00bb3_4&#8243; _builder_version=\u00bb4.16&#8243; custom_padding=\u00bb|||\u00bb global_colors_info=\u00bb{}\u00bb custom_padding__hover=\u00bb|||\u00bb][et_pb_text _builder_version=\u00bb4.21.2&#8243; text_font=\u00bb||||||||\u00bb text_font_size=\u00bb16px\u00bb text_line_height=\u00bb2em\u00bb background_layout=\u00bbdark\u00bb locked=\u00bboff\u00bb global_colors_info=\u00bb{}\u00bb]<\/p>\n<p>Con gran entusiasmo el padre Jos\u00e9 Castell\u00f3n en sus labores ministeriales por la ma\u00f1ana y en la tarde recib\u00eda a los ni\u00f1os, en donde supervisaba clases y dialogaba con el peque\u00f1o grupo del internado.<\/p>\n<p>Buscando siempre su sue\u00f1o de fundar una comunidad Religiosa de hermanas misioneras y la semilla de los hermanos\u00a0 misioneros, inspirado en Cristo Rey y Santa Mar\u00eda de Guadalupe pens\u00f3 en extender su labor. Madre Imelda de Jes\u00fas Hostia, es nombrada por el padre Jos\u00e9 Castell\u00f3n como superiora en 1946.<\/p>\n<p>El Presb\u00edtero Jos\u00e9 Castell\u00f3n Velasco, el que tenga o\u00eddos que oiga, el que tenga ojos que vea, lo que Dios Jesucristo ha Manifestado y ha dejado como herencia en este buen hombre, venerable sacerdote y fundador.<\/p>\n<p>[\/et_pb_text][\/et_pb_column_inner][\/et_pb_row_inner][\/et_pb_column][\/et_pb_section][et_pb_section fb_built=\u00bb1&#8243; admin_label=\u00bbFooter\u00bb _builder_version=\u00bb4.21.2&#8243; background_color=\u00bb#E2AD17&#8243; custom_margin=\u00bb||\u00bb custom_padding=\u00bb0px||0px|||\u00bb locked=\u00bboff\u00bb global_colors_info=\u00bb{}\u00bb][et_pb_row column_structure=\u00bb1_2,1_2&#8243; make_equal=\u00bbon\u00bb _builder_version=\u00bb4.21.2&#8243; width=\u00bb100%\u00bb max_width=\u00bb100%\u00bb custom_padding=\u00bb0px||0px|||\u00bb global_colors_info=\u00bb{}\u00bb][et_pb_column type=\u00bb1_2&#8243; _builder_version=\u00bb4.21.2&#8243; background_color=\u00bb#fafbfd\u00bb custom_padding=\u00bb10vw||100px|10vw\u00bb custom_padding_tablet=\u00bb0vw||0px|0vw\u00bb custom_padding_phone=\u00bb0vw||0px|0vw\u00bb custom_padding_last_edited=\u00bbon|desktop\u00bb global_colors_info=\u00bb{}\u00bb custom_padding__hover=\u00bb|||\u00bb][et_pb_image src=\u00bbhttps:\/\/primariajuanadeasbaje.com.mx\/wp-content\/uploads\/2023\/08\/Portada-escuela.png\u00bb title_text=\u00bbEscuela Primaria Juana de Asbaje Esterior\u00bb _builder_version=\u00bb4.21.2&#8243; animation_style=\u00bbfold\u00bb always_center_on_mobile=\u00bboff\u00bb global_colors_info=\u00bb{}\u00bb][\/et_pb_image][\/et_pb_column][et_pb_column type=\u00bb1_2&#8243; _builder_version=\u00bb4.21.2&#8243; custom_padding=\u00bb15vw|10vw||60px\u00bb custom_padding_tablet=\u00bb60px|10vw|60px|10vw|true|true\u00bb custom_padding_phone=\u00bb60px|10vw|60px|10vw|true|true\u00bb custom_padding_last_edited=\u00bbon|desktop\u00bb global_colors_info=\u00bb{}\u00bb custom_padding__hover=\u00bb|||\u00bb][et_pb_text _builder_version=\u00bb4.16&#8243; text_font=\u00bbMontserrat||||||||\u00bb text_letter_spacing=\u00bb3px\u00bb header_font=\u00bb||||||||\u00bb header_2_font=\u00bbKarla|700||on|||||\u00bb header_2_font_size=\u00bb46px\u00bb header_3_font=\u00bbMontserrat|||on|||||\u00bb header_3_text_color=\u00bbrgba(0,0,0,0.4)\u00bb header_3_font_size=\u00bb12px\u00bb header_3_letter_spacing=\u00bb1px\u00bb header_3_line_height=\u00bb1.8em\u00bb custom_margin=\u00bb||0px\u00bb header_2_font_size_tablet=\u00bb\u00bb header_2_font_size_phone=\u00bb30px\u00bb header_2_font_size_last_edited=\u00bbon|phone\u00bb locked=\u00bboff\u00bb global_colors_info=\u00bb{}\u00bb]<\/p>\n<h3>escuela primaria<\/h3>\n<h2><span><strong>Juana de Asbaje<\/strong>\u00a0<\/span><\/h2>\n<p>[\/et_pb_text][et_pb_divider color=\u00bb#ffffff\u00bb divider_weight=\u00bb12px\u00bb _builder_version=\u00bb4.16&#8243; z_index=\u00bb-1&#8243; width=\u00bb250px\u00bb custom_margin=\u00bb-22px||\u00bb custom_margin_tablet=\u00bb\u00bb custom_margin_phone=\u00bb-18px||\u00bb custom_margin_last_edited=\u00bbon|desktop\u00bb locked=\u00bboff\u00bb global_colors_info=\u00bb{}\u00bb][\/et_pb_divider][et_pb_text _builder_version=\u00bb4.16&#8243; text_font=\u00bb||||||||\u00bb text_text_color=\u00bbrgba(0,0,0,0.6)\u00bb text_font_size=\u00bb16px\u00bb text_line_height=\u00bb2em\u00bb locked=\u00bboff\u00bb global_colors_info=\u00bb{}\u00bb]<\/p>\n<table>\n<tbody>\n<tr>\n<td><span><strong>Inici\u00f3 su proyecto educativo en el a\u00f1o 1960<\/strong>, recibi\u00f3 su incorporaci\u00f3n Federal a la Secretar\u00eda de Educaci\u00f3n P\u00fablica el 28 de septiembre del 1962 con acuerdo N\u00fam. 12777 y la calve 1517807; Renovado el 09 de marzo de 1999 con acuerdo de incorporaci\u00f3n N\u00fam. 003 y la clave\u00a0<strong>15PPR0815Y<\/strong>.<\/span><\/td>\n<\/tr>\n<\/tbody>\n<\/table>\n<p>&nbsp;<\/p>\n<p>[\/et_pb_text][\/et_pb_column][\/et_pb_row][\/et_pb_section][et_pb_section fb_built=\u00bb1&#8243; fullwidth=\u00bbon\u00bb _builder_version=\u00bb4.21.2&#8243; _module_preset=\u00bbdefault\u00bb locked=\u00bboff\u00bb][et_pb_fullwidth_image src=\u00bbhttps:\/\/primariajuanadeasbaje.com.mx\/wp-content\/uploads\/2023\/08\/02-Nosotros.png\u00bb _builder_version=\u00bb4.21.2&#8243; _module_preset=\u00bbdefault\u00bb theme_builder_area=\u00bbpost_content\u00bb alt=\u00bbEscuela de antes\u00bb title_text=\u00bbEscuela de antes\u00bb hover_enabled=\u00bb0&#8243; sticky_enabled=\u00bb0&#8243;][\/et_pb_fullwidth_image][\/et_pb_section]<\/p>\n","protected":false},"excerpt":{"rendered":"<p>Presb\u00edtero Jos\u00e9 Castell\u00f3nSacerdote entusiasta, educador comprometido con la educaci\u00f3n de los ni\u00f1os y j\u00f3venes, basados en el amor, el respeto y la dedicaci\u00f3n. El\u00a0Padre Jos\u00e9 pensaba que la educaci\u00f3n era clave para alejar a los ni\u00f1os y j\u00f3venes de los peligros que se encuentran en el contexto. &nbsp; A\u00fan siendo sacerdote se preocupaba por prepararse [&hellip;]<\/p>\n","protected":false},"author":1,"featured_media":0,"parent":0,"menu_order":0,"comment_status":"closed","ping_status":"closed","template":"","meta":{"_et_pb_use_builder":"on","_et_pb_old_content":"","_et_gb_content_width":"","footnotes":""},"class_list":["post-15","page","type-page","status-publish","hentry"],"_links":{"self":[{"href":"https:\/\/primariajuanadeasbaje.com.mx\/index.php\/wp-json\/wp\/v2\/pages\/15","targetHints":{"allow":["GET"]}}],"collection":[{"href":"https:\/\/primariajuanadeasbaje.com.mx\/index.php\/wp-json\/wp\/v2\/pages"}],"about":[{"href":"https:\/\/primariajuanadeasbaje.com.mx\/index.php\/wp-json\/wp\/v2\/types\/page"}],"author":[{"embeddable":true,"href":"https:\/\/primariajuanadeasbaje.com.mx\/index.php\/wp-json\/wp\/v2\/users\/1"}],"replies":[{"embeddable":true,"href":"https:\/\/primariajuanadeasbaje.com.mx\/index.php\/wp-json\/wp\/v2\/comments?post=15"}],"version-history":[{"count":11,"href":"https:\/\/primariajuanadeasbaje.com.mx\/index.php\/wp-json\/wp\/v2\/pages\/15\/revisions"}],"predecessor-version":[{"id":361,"href":"https:\/\/primariajuanadeasbaje.com.mx\/index.php\/wp-json\/wp\/v2\/pages\/15\/revisions\/361"}],"wp:attachment":[{"href":"https:\/\/primariajuanadeasbaje.com.mx\/index.php\/wp-json\/wp\/v2\/media?parent=15"}],"curies":[{"name":"wp","href":"https:\/\/api.w.org\/{rel}","templated":true}]}}