{"id":734,"date":"2024-01-25T17:50:14","date_gmt":"2024-01-25T17:50:14","guid":{"rendered":"https:\/\/primariajuanadeasbaje.com.mx\/?page_id=734"},"modified":"2025-08-08T02:25:23","modified_gmt":"2025-08-08T02:25:23","slug":"acoso-escolar","status":"publish","type":"page","link":"https:\/\/primariajuanadeasbaje.com.mx\/index.php\/acoso-escolar\/","title":{"rendered":"Acoso Escolar"},"content":{"rendered":"<p>[et_pb_section fb_built=\u00bb1&#8243; fullwidth=\u00bbon\u00bb admin_label=\u00bbHeader\u00bb _builder_version=\u00bb4.27.4&#8243; background_color=\u00bb#a8cbf0&#8243; background_image=\u00bbhttps:\/\/primariajuanadeasbaje.com.mx\/wp-content\/uploads\/2023\/08\/day_care_bg_02.png\u00bb parallax=\u00bbon\u00bb custom_margin=\u00bb||\u00bb custom_padding=\u00bb5vw||||false|false\u00bb hover_enabled=\u00bb0&#8243; locked=\u00bboff\u00bb global_colors_info=\u00bb{}\u00bb sticky_enabled=\u00bb0&#8243;][et_pb_fullwidth_header title=\u00bbPrevenci\u00f3n al Acoso Escolar\u00bb text_orientation=\u00bbcenter\u00bb content_max_width=\u00bb650px\u00bb _builder_version=\u00bb4.27.4&#8243; title_font=\u00bbFredoka One||||||||\u00bb title_text_color=\u00bb#203C7C\u00bb title_font_size=\u00bb80px\u00bb title_line_height=\u00bb1.4em\u00bb content_font=\u00bbMuli||||||||\u00bb content_font_size=\u00bb18px\u00bb content_line_height=\u00bb1.8em\u00bb background_color=\u00bbrgba(126,190,197,0)\u00bb custom_button_one=\u00bbon\u00bb button_one_text_size=\u00bb16px\u00bb button_one_text_color=\u00bb#ff236c\u00bb button_one_bg_color=\u00bb#ffffff\u00bb button_one_border_width=\u00bb12px\u00bb button_one_border_color=\u00bbrgba(0,0,0,0)\u00bb button_one_border_radius=\u00bb50px\u00bb button_one_letter_spacing=\u00bb4px\u00bb button_one_font=\u00bbFredoka One|||on|||||\u00bb button_one_use_icon=\u00bboff\u00bb custom_button_two=\u00bbon\u00bb button_two_text_size=\u00bb16px\u00bb button_two_text_color=\u00bb#ff236c\u00bb button_two_bg_color=\u00bb#ffffff\u00bb button_two_border_width=\u00bb12px\u00bb button_two_border_color=\u00bb#ffffff\u00bb button_two_border_radius=\u00bb50px\u00bb button_two_letter_spacing=\u00bb4px\u00bb button_two_font=\u00bbFredoka One|900||on|||||\u00bb button_two_use_icon=\u00bboff\u00bb background_layout=\u00bblight\u00bb custom_padding=\u00bb0px||0px||true\u00bb custom_padding_last_edited=\u00bboff|desktop\u00bb animation_style=\u00bbzoom\u00bb animation_intensity_zoom=\u00bb5%\u00bb hover_enabled=\u00bb0&#8243; title_font_size_tablet=\u00bb60px\u00bb title_font_size_phone=\u00bb40px\u00bb title_font_size_last_edited=\u00bbon|phone\u00bb content_font_size_tablet=\u00bb\u00bb content_font_size_phone=\u00bb16px\u00bb content_font_size_last_edited=\u00bbon|phone\u00bb custom_css_header_container=\u00bbwidth: 100%;\u00bb title_text_shadow_style=\u00bbpreset1&#8243; title_text_shadow_blur_strength=\u00bb0.14em\u00bb title_text_shadow_color=\u00bbrgba(0,0,0,0.12)\u00bb box_shadow_style_button_one=\u00bbpreset3&#8243; box_shadow_blur_button_one=\u00bb48px\u00bb button_one_letter_spacing_hover=\u00bb4px\u00bb button_two_letter_spacing_hover=\u00bb4px\u00bb global_colors_info=\u00bb{}\u00bb button_one_text_size__hover_enabled=\u00bboff\u00bb button_two_text_size__hover_enabled=\u00bboff\u00bb button_one_text_color__hover_enabled=\u00bboff\u00bb button_two_text_color__hover_enabled=\u00bboff\u00bb button_one_border_width__hover_enabled=\u00bboff\u00bb button_two_border_width__hover_enabled=\u00bboff\u00bb button_one_border_color__hover_enabled=\u00bboff\u00bb button_two_border_color__hover_enabled=\u00bboff\u00bb button_one_border_radius__hover_enabled=\u00bboff\u00bb button_two_border_radius__hover_enabled=\u00bboff\u00bb button_one_letter_spacing__hover_enabled=\u00bbon\u00bb button_one_letter_spacing__hover=\u00bb4px\u00bb button_two_letter_spacing__hover_enabled=\u00bbon\u00bb button_two_letter_spacing__hover=\u00bb4px\u00bb button_one_bg_color__hover_enabled=\u00bboff\u00bb button_two_bg_color__hover_enabled=\u00bboff\u00bb background_color__hover=\u00bb#7EBEC5&#8243; background_color__hover_enabled=\u00bb#7EBEC5&#8243; use_background_color_gradient__hover=\u00bboff\u00bb use_background_color_gradient__hover_enabled=\u00bboff\u00bb background_color_gradient_start__hover=\u00bb#2b87da\u00bb background_color_gradient_start__hover_enabled=\u00bb#2b87da\u00bb background_color_gradient_end__hover=\u00bb#29c4a9&#8243; background_color_gradient_end__hover_enabled=\u00bb#29c4a9&#8243; background_color_gradient_type__hover=\u00bblinear\u00bb background_color_gradient_type__hover_enabled=\u00bblinear\u00bb background_color_gradient_direction__hover=\u00bb180deg\u00bb background_color_gradient_direction__hover_enabled=\u00bb180deg\u00bb background_color_gradient_direction_radial__hover=\u00bbcenter\u00bb background_color_gradient_direction_radial__hover_enabled=\u00bbcenter\u00bb background_color_gradient_start_position__hover=\u00bb0%\u00bb background_color_gradient_start_position__hover_enabled=\u00bb0%\u00bb background_color_gradient_end_position__hover=\u00bb100%\u00bb background_color_gradient_end_position__hover_enabled=\u00bb100%\u00bb background_color_gradient_overlays_image__hover=\u00bboff\u00bb background_color_gradient_overlays_image__hover_enabled=\u00bboff\u00bb parallax__hover=\u00bboff\u00bb parallax__hover_enabled=\u00bboff\u00bb parallax_method__hover=\u00bboff\u00bb parallax_method__hover_enabled=\u00bboff\u00bb background_size__hover=\u00bbcover\u00bb background_size__hover_enabled=\u00bbcover\u00bb background_position__hover=\u00bbcenter\u00bb background_position__hover_enabled=\u00bbcenter\u00bb background_repeat__hover=\u00bbno-repeat\u00bb background_repeat__hover_enabled=\u00bbno-repeat\u00bb background_blend__hover=\u00bbnormal\u00bb background_blend__hover_enabled=\u00bbnormal\u00bb allow_player_pause__hover=\u00bboff\u00bb allow_player_pause__hover_enabled=\u00bboff\u00bb background_video_pause_outside_viewport__hover=\u00bbon\u00bb background_video_pause_outside_viewport__hover_enabled=\u00bbon\u00bb background_color_gradient_stops__hover=\u00bb#2b87da 0%|#29c4a9 100%\u00bb sticky_enabled=\u00bb0&#8243;][\/et_pb_fullwidth_header][et_pb_fullwidth_image src=\u00bbhttps:\/\/primariajuanadeasbaje.com.mx\/wp-content\/uploads\/2023\/08\/SEP_care_img_06.png\u00bb alt=\u00bbSEP_care_img_06&#8243; title_text=\u00bbSEP_care_img_06&#8243; _builder_version=\u00bb4.21.2&#8243; custom_margin=\u00bb-10vw||\u00bb filter_brightness=\u00bb110%\u00bb animation_style=\u00bbslide\u00bb animation_direction=\u00bbbottom\u00bb animation_intensity_slide=\u00bb1%\u00bb global_colors_info=\u00bb{}\u00bb]<br \/>\n[\/et_pb_fullwidth_image][\/et_pb_section][et_pb_section fb_built=\u00bb1&#8243; admin_label=\u00bbFeatured Courses\u00bb _builder_version=\u00bb4.24.0&#8243; _module_preset=\u00bbdefault\u00bb custom_padding=\u00bb54px|0px|80px|0px|false|false\u00bb global_colors_info=\u00bb{}\u00bb][et_pb_row _builder_version=\u00bb4.16&#8243; _module_preset=\u00bbdefault\u00bb global_colors_info=\u00bb{}\u00bb][et_pb_column type=\u00bb4_4&#8243; _builder_version=\u00bb4.16&#8243; _module_preset=\u00bbdefault\u00bb custom_padding=\u00bb|||\u00bb global_colors_info=\u00bb{}\u00bb custom_padding__hover=\u00bb|||\u00bb][et_pb_text _builder_version=\u00bb4.23.1&#8243; _module_preset=\u00bb_initial\u00bb header_2_font=\u00bbPoppins|800|||||||\u00bb header_2_text_color=\u00bb#000000&#8243; header_2_font_size=\u00bb50px\u00bb header_2_line_height=\u00bb1.4em\u00bb header_3_text_color=\u00bb#E0284B\u00bb header_3_font_size=\u00bb40px\u00bb background_enable_color=\u00bboff\u00bb header_2_font_size_tablet=\u00bb36px\u00bb header_2_font_size_phone=\u00bb20px\u00bb header_2_font_size_last_edited=\u00bbon|phone\u00bb locked=\u00bboff\u00bb global_colors_info=\u00bb{}\u00bb]<\/p>\n<h2>\u00bfQu\u00e9 es el acoso escolar?<\/h2>\n<p><b><\/b><\/p>\n<p><b><\/b><\/p>\n<p>[\/et_pb_text][et_pb_text _builder_version=\u00bb4.24.0&#8243; _module_preset=\u00bb_initial\u00bb text_font=\u00bb||||||||\u00bb text_font_size=\u00bb18px\u00bb text_line_height=\u00bb2em\u00bb header_font=\u00bb||||||||\u00bb header_2_font=\u00bb||||||||\u00bb header_3_font=\u00bbEB Garamond||||||||\u00bb header_3_font_size=\u00bb24px\u00bb header_3_line_height=\u00bb1.4em\u00bb header_4_font=\u00bb|700||on|||||\u00bb header_4_text_color=\u00bb#ffdaa4&#8243; header_4_font_size=\u00bb12px\u00bb header_4_letter_spacing=\u00bb2px\u00bb header_4_line_height=\u00bb2em\u00bb text_orientation=\u00bbjustified\u00bb text_line_height_tablet=\u00bb\u00bb text_line_height_phone=\u00bb1.6em\u00bb text_line_height_last_edited=\u00bbon|phone\u00bb locked=\u00bboff\u00bb global_colors_info=\u00bb{}\u00bb]<\/p>\n<p>Se refiere a toda conducta intencional, direccionada, frecuente y en desigualdad de poder que se ejerce entre alumnas y alumnos en el entorno escolar, generalmente en privado y lejos de los ojos de los adultos, con objeto de someter, explotar y causar da\u00f1o.<\/p>\n<p>El acoso escolar se distingue de otras situaciones de violencia por poseer tres caracter\u00edsticas fundamentales: la intenci\u00f3n, la repetici\u00f3n y la duraci\u00f3n. Con respecto a la intenci\u00f3n, cabe mencionar que, en edades tempranas, como en el caso de las ni\u00f1as y ni\u00f1os que cursan educaci\u00f3n preescolar, su presencia puede no ser clara. No obstante, aunque no se logre identificar una intenci\u00f3n en la ni\u00f1a o ni\u00f1o que agrede, la conducta sigue siendo acoso si es repetitiva y tiene efectos negativos en la v\u00edctima.<\/p>\n<p>[\/et_pb_text][\/et_pb_column][\/et_pb_row][et_pb_row custom_padding_last_edited=\u00bbon|phone\u00bb _builder_version=\u00bb4.23.1&#8243; _module_preset=\u00bbdefault\u00bb background_color=\u00bb#ffffff\u00bb max_width=\u00bb1280px\u00bb custom_padding=\u00bb60px|40px|60px|40px|true|true\u00bb custom_padding_tablet=\u00bb\u00bb custom_padding_phone=\u00bb40px|20px|40px|20px|true|true\u00bb animation_style=\u00bbzoom\u00bb animation_intensity_zoom=\u00bb2%\u00bb border_radii=\u00bbon|12px|12px|12px|12px\u00bb use_custom_width=\u00bbon\u00bb custom_width_px=\u00bb1280px\u00bb global_colors_info=\u00bb{}\u00bb][et_pb_column type=\u00bb4_4&#8243; _builder_version=\u00bb4.16&#8243; _module_preset=\u00bbdefault\u00bb custom_padding=\u00bb|||\u00bb global_colors_info=\u00bb{}\u00bb custom_padding__hover=\u00bb|||\u00bb][et_pb_image src=\u00bbhttps:\/\/primariajuanadeasbaje.com.mx\/wp-content\/uploads\/2024\/01\/Infografia-Acoso-Escolar_Mesa-de-trabajo-1.jpg\u00bb title_text=\u00bbInfografia-Acoso-Escolar_Mesa de trabajo 1&#8243; url=\u00bbhttps:\/\/www.konradlorenz.edu.co\/blog\/4-el-articulo-cientifico-materiales-y-metodos\/\u00bb url_new_window=\u00bbon\u00bb align=\u00bbcenter\u00bb align_tablet=\u00bbcenter\u00bb align_phone=\u00bbcenter\u00bb align_last_edited=\u00bbon|desktop\u00bb _builder_version=\u00bb4.24.0&#8243; _module_preset=\u00bbdefault\u00bb border_radii=\u00bbon|30px|30px|30px|30px\u00bb box_shadow_style=\u00bbpreset2&#8243; box_shadow_color=\u00bb#CCA701&#8243; global_colors_info=\u00bb{}\u00bb][\/et_pb_image][et_pb_button button_url=\u00bbhttps:\/\/primariajuanadeasbaje.com.mx\/wp-content\/uploads\/2024\/01\/Infografia-Acoso-Escolar.pdf\u00bb url_new_window=\u00bbon\u00bb button_text=\u00bbDescargar\u00bb button_alignment=\u00bbcenter\u00bb _builder_version=\u00bb4.24.0&#8243; _module_preset=\u00bbdefault\u00bb custom_button=\u00bbon\u00bb button_text_size=\u00bb16px\u00bb button_text_color=\u00bb#ffffff\u00bb button_bg_color=\u00bb#ff4d54&#8243; button_border_width=\u00bb0px\u00bb button_border_radius=\u00bb100px\u00bb button_letter_spacing=\u00bb1px\u00bb button_font=\u00bb|700||on|||||\u00bb custom_padding=\u00bb14px|34px|14px|34px|true|true\u00bb box_shadow_style=\u00bbpreset1&#8243; box_shadow_vertical=\u00bb10px\u00bb box_shadow_blur=\u00bb30px\u00bb box_shadow_color=\u00bbrgba(255,77,84,0.24)\u00bb button_letter_spacing_hover=\u00bb1px\u00bb locked=\u00bboff\u00bb global_colors_info=\u00bb{}\u00bb button_text_size__hover_enabled=\u00bboff\u00bb button_one_text_size__hover_enabled=\u00bboff\u00bb button_two_text_size__hover_enabled=\u00bboff\u00bb button_text_color__hover_enabled=\u00bboff\u00bb button_one_text_color__hover_enabled=\u00bboff\u00bb button_two_text_color__hover_enabled=\u00bboff\u00bb button_border_width__hover_enabled=\u00bboff\u00bb button_one_border_width__hover_enabled=\u00bboff\u00bb button_two_border_width__hover_enabled=\u00bboff\u00bb button_border_color__hover_enabled=\u00bboff\u00bb button_one_border_color__hover_enabled=\u00bboff\u00bb button_two_border_color__hover_enabled=\u00bboff\u00bb button_border_radius__hover_enabled=\u00bboff\u00bb button_one_border_radius__hover_enabled=\u00bboff\u00bb button_two_border_radius__hover_enabled=\u00bboff\u00bb button_letter_spacing__hover_enabled=\u00bbon\u00bb button_letter_spacing__hover=\u00bb1px\u00bb button_one_letter_spacing__hover_enabled=\u00bboff\u00bb button_two_letter_spacing__hover_enabled=\u00bboff\u00bb button_bg_color__hover_enabled=\u00bboff\u00bb button_one_bg_color__hover_enabled=\u00bboff\u00bb button_two_bg_color__hover_enabled=\u00bboff\u00bb][\/et_pb_button][\/et_pb_column][\/et_pb_row][\/et_pb_section][et_pb_section fb_built=\u00bb1&#8243; admin_label=\u00bbCourses\u00bb _builder_version=\u00bb4.24.0&#8243; _module_preset=\u00bbdefault\u00bb custom_padding=\u00bb54px|0px|80px|0px|false|false\u00bb global_colors_info=\u00bb{}\u00bb][et_pb_row _builder_version=\u00bb4.23.1&#8243; _module_preset=\u00bbdefault\u00bb custom_margin=\u00bb||100px||false|false\u00bb custom_padding=\u00bb||||false|false\u00bb locked=\u00bboff\u00bb global_colors_info=\u00bb{}\u00bb][et_pb_column type=\u00bb4_4&#8243; _builder_version=\u00bb4.16&#8243; _module_preset=\u00bbdefault\u00bb custom_padding=\u00bb|||\u00bb global_colors_info=\u00bb{}\u00bb custom_padding__hover=\u00bb|||\u00bb][et_pb_video src=\u00bbhttps:\/\/www.youtube.com\/embed\/ZwsExA1xC48?si=0ew912wWXYt5AJoR\u00bb _builder_version=\u00bb4.24.0&#8243; _module_preset=\u00bbdefault\u00bb custom_margin=\u00bb||29px|||\u00bb border_radii=\u00bb|40px|40px||\u00bb global_colors_info=\u00bb{}\u00bb]<br \/>\n[\/et_pb_video][\/et_pb_column][\/et_pb_row][\/et_pb_section][et_pb_section fb_built=\u00bb1&#8243; admin_label=\u00bbAdmissions\u00bb _builder_version=\u00bb4.16&#8243; _module_preset=\u00bbdefault\u00bb locked=\u00bboff\u00bb global_colors_info=\u00bb{}\u00bb][et_pb_row _builder_version=\u00bb4.23.1&#8243; _module_preset=\u00bbdefault\u00bb locked=\u00bboff\u00bb global_colors_info=\u00bb{}\u00bb][et_pb_column type=\u00bb4_4&#8243; _builder_version=\u00bb4.21.0&#8243; _module_preset=\u00bbdefault\u00bb global_colors_info=\u00bb{}\u00bb][et_pb_code _builder_version=\u00bb4.24.0&#8243; _module_preset=\u00bbdefault\u00bb global_colors_info=\u00bb{}\u00bb]<iframe loading=\"lazy\" src=\"https:\/\/primariajuanadeasbaje.com.mx\/wp-content\/uploads\/2024\/02\/DGOSE-VU-0588_Acoso-Info1.pdf\" height=\"600px\" width=\"100%\"><!-- [et_pb_line_break_holder] -->  <!-- [et_pb_line_break_holder] --><\/iframe>[\/et_pb_code][\/et_pb_column][\/et_pb_row][et_pb_row _builder_version=\u00bb4.23.1&#8243; _module_preset=\u00bbdefault\u00bb locked=\u00bboff\u00bb global_colors_info=\u00bb{}\u00bb][et_pb_column type=\u00bb4_4&#8243; _builder_version=\u00bb4.21.0&#8243; _module_preset=\u00bbdefault\u00bb global_colors_info=\u00bb{}\u00bb][et_pb_code _builder_version=\u00bb4.24.0&#8243; _module_preset=\u00bbdefault\u00bb global_colors_info=\u00bb{}\u00bb]<iframe loading=\"lazy\" src=\"https:\/\/primariajuanadeasbaje.com.mx\/wp-content\/uploads\/2024\/02\/DGOSE-VU-0588_Acoso-info2.pdf\" height=\"600px\" width=\"100%\"><!-- [et_pb_line_break_holder] -->  <!-- [et_pb_line_break_holder] --><\/iframe>[\/et_pb_code][\/et_pb_column][\/et_pb_row][et_pb_row _builder_version=\u00bb4.23.1&#8243; _module_preset=\u00bbdefault\u00bb locked=\u00bboff\u00bb global_colors_info=\u00bb{}\u00bb][et_pb_column type=\u00bb4_4&#8243; _builder_version=\u00bb4.21.0&#8243; _module_preset=\u00bbdefault\u00bb global_colors_info=\u00bb{}\u00bb][et_pb_code _builder_version=\u00bb4.24.0&#8243; _module_preset=\u00bbdefault\u00bb global_colors_info=\u00bb{}\u00bb]<iframe loading=\"lazy\" src=\"https:\/\/primariajuanadeasbaje.com.mx\/wp-content\/uploads\/2024\/02\/DGOSE-VU-0588_Acoso-info3-1.pdf\" height=\"600px\" width=\"100%\"><!-- [et_pb_line_break_holder] -->  <!-- [et_pb_line_break_holder] --><\/iframe>[\/et_pb_code][\/et_pb_column][\/et_pb_row][et_pb_row _builder_version=\u00bb4.23.1&#8243; _module_preset=\u00bbdefault\u00bb locked=\u00bboff\u00bb global_colors_info=\u00bb{}\u00bb][et_pb_column type=\u00bb4_4&#8243; _builder_version=\u00bb4.21.0&#8243; _module_preset=\u00bbdefault\u00bb global_colors_info=\u00bb{}\u00bb][et_pb_code _builder_version=\u00bb4.24.0&#8243; _module_preset=\u00bbdefault\u00bb global_colors_info=\u00bb{}\u00bb]<iframe loading=\"lazy\" src=\"https:\/\/primariajuanadeasbaje.com.mx\/wp-content\/uploads\/2024\/01\/Todas-y-todos-contra-el-acoso-escolar.pdf\" height=\"600px\" width=\"100%\"><!-- [et_pb_line_break_holder] -->  <!-- [et_pb_line_break_holder] --><\/iframe>[\/et_pb_code][\/et_pb_column][\/et_pb_row][\/et_pb_section]<\/p>\n","protected":false},"excerpt":{"rendered":"<p>\u00bfQu\u00e9 es el acoso escolar? Se refiere a toda conducta intencional, direccionada, frecuente y en desigualdad de poder que se ejerce entre alumnas y alumnos en el entorno escolar, generalmente en privado y lejos de los ojos de los adultos, con objeto de someter, explotar y causar da\u00f1o. El acoso escolar se distingue de otras [&hellip;]<\/p>\n","protected":false},"author":1,"featured_media":0,"parent":0,"menu_order":0,"comment_status":"closed","ping_status":"closed","template":"","meta":{"_et_pb_use_builder":"on","_et_pb_old_content":"<!-- wp:divi\/placeholder \/-->","_et_gb_content_width":"","footnotes":""},"class_list":["post-734","page","type-page","status-publish","hentry"],"_links":{"self":[{"href":"https:\/\/primariajuanadeasbaje.com.mx\/index.php\/wp-json\/wp\/v2\/pages\/734","targetHints":{"allow":["GET"]}}],"collection":[{"href":"https:\/\/primariajuanadeasbaje.com.mx\/index.php\/wp-json\/wp\/v2\/pages"}],"about":[{"href":"https:\/\/primariajuanadeasbaje.com.mx\/index.php\/wp-json\/wp\/v2\/types\/page"}],"author":[{"embeddable":true,"href":"https:\/\/primariajuanadeasbaje.com.mx\/index.php\/wp-json\/wp\/v2\/users\/1"}],"replies":[{"embeddable":true,"href":"https:\/\/primariajuanadeasbaje.com.mx\/index.php\/wp-json\/wp\/v2\/comments?post=734"}],"version-history":[{"count":8,"href":"https:\/\/primariajuanadeasbaje.com.mx\/index.php\/wp-json\/wp\/v2\/pages\/734\/revisions"}],"predecessor-version":[{"id":1545,"href":"https:\/\/primariajuanadeasbaje.com.mx\/index.php\/wp-json\/wp\/v2\/pages\/734\/revisions\/1545"}],"wp:attachment":[{"href":"https:\/\/primariajuanadeasbaje.com.mx\/index.php\/wp-json\/wp\/v2\/media?parent=734"}],"curies":[{"name":"wp","href":"https:\/\/api.w.org\/{rel}","templated":true}]}}